{"id":38,"date":"2024-09-15T17:45:30","date_gmt":"2024-09-15T15:45:30","guid":{"rendered":"http:\/\/komornikkonskie.pl\/?page_id=38"},"modified":"2025-01-17T14:39:10","modified_gmt":"2025-01-17T13:39:10","slug":"kontakt","status":"publish","type":"page","link":"https:\/\/komornikkonskie.pl\/?page_id=38","title":{"rendered":"Kontakt"},"content":{"rendered":"\n<p class=\"has-body-text-font-size\">Telefon: 660 813 382<\/p>\n\n\n\n<p class=\"has-body-text-font-size\">E-mail: konskie.wrobel@komornik.pl<\/p>\n\n\n\n<p class=\"has-body-text-font-size\">Id kancelarii e-s\u0105d: 3381<\/p>\n\n\n\n<p class=\"has-body-text-font-size\">Adres e-dor\u0119cze\u0144: AE:PL-32295-59838-UVEGB-28<\/p>\n","protected":false},"excerpt":{"rendered":"<p>Telefon: 660 813 382 E-mail: konskie.wrobel@komornik.pl Id kancelarii e-s\u0105d: 3381 Adres e-dor\u0119cze\u0144: AE:PL-32295-59838-UVEGB-28<\/p>\n","protected":false},"author":1,"featured_media":0,"parent":0,"menu_order":0,"comment_status":"closed","ping_status":"closed","template":"","meta":{"footnotes":""},"class_list":["post-38","page","type-page","status-publish","hentry"],"_links":{"self":[{"href":"https:\/\/komornikkonskie.pl\/index.php?rest_route=\/wp\/v2\/pages\/38","targetHints":{"allow":["GET"]}}],"collection":[{"href":"https:\/\/komornikkonskie.pl\/index.php?rest_route=\/wp\/v2\/pages"}],"about":[{"href":"https:\/\/komornikkonskie.pl\/index.php?rest_route=\/wp\/v2\/types\/page"}],"author":[{"embeddable":true,"href":"https:\/\/komornikkonskie.pl\/index.php?rest_route=\/wp\/v2\/users\/1"}],"replies":[{"embeddable":true,"href":"https:\/\/komornikkonskie.pl\/index.php?rest_route=%2Fwp%2Fv2%2Fcomments&post=38"}],"version-history":[{"count":3,"href":"https:\/\/komornikkonskie.pl\/index.php?rest_route=\/wp\/v2\/pages\/38\/revisions"}],"predecessor-version":[{"id":58,"href":"https:\/\/komornikkonskie.pl\/index.php?rest_route=\/wp\/v2\/pages\/38\/revisions\/58"}],"wp:attachment":[{"href":"https:\/\/komornikkonskie.pl\/index.php?rest_route=%2Fwp%2Fv2%2Fmedia&parent=38"}],"curies":[{"name":"wp","href":"https:\/\/api.w.org\/{rel}","templated":true}]}}