{"id":36,"date":"2024-09-15T17:45:08","date_gmt":"2024-09-15T15:45:08","guid":{"rendered":"http:\/\/komornikkonskie.pl\/?page_id=36"},"modified":"2025-01-17T14:40:04","modified_gmt":"2025-01-17T13:40:04","slug":"splac-zadluzenie","status":"publish","type":"page","link":"https:\/\/komornikkonskie.pl\/?page_id=36","title":{"rendered":"Sp\u0142a\u0107 zad\u0142u\u017cenie"},"content":{"rendered":"\n<p class=\"has-body-text-font-size\">Numer konta: <\/p>\n\n\n\n<p class=\"has-body-text-font-size\">Alior Bank S.A. 37 2490 0005 0000 4600 0016 0489<\/p>\n\n\n\n<p><\/p>\n","protected":false},"excerpt":{"rendered":"<p>Numer konta: Alior Bank S.A. 37 2490 0005 0000 4600 0016 0489<\/p>\n","protected":false},"author":1,"featured_media":0,"parent":0,"menu_order":0,"comment_status":"closed","ping_status":"closed","template":"","meta":{"footnotes":""},"class_list":["post-36","page","type-page","status-publish","hentry"],"_links":{"self":[{"href":"https:\/\/komornikkonskie.pl\/index.php?rest_route=\/wp\/v2\/pages\/36","targetHints":{"allow":["GET"]}}],"collection":[{"href":"https:\/\/komornikkonskie.pl\/index.php?rest_route=\/wp\/v2\/pages"}],"about":[{"href":"https:\/\/komornikkonskie.pl\/index.php?rest_route=\/wp\/v2\/types\/page"}],"author":[{"embeddable":true,"href":"https:\/\/komornikkonskie.pl\/index.php?rest_route=\/wp\/v2\/users\/1"}],"replies":[{"embeddable":true,"href":"https:\/\/komornikkonskie.pl\/index.php?rest_route=%2Fwp%2Fv2%2Fcomments&post=36"}],"version-history":[{"count":4,"href":"https:\/\/komornikkonskie.pl\/index.php?rest_route=\/wp\/v2\/pages\/36\/revisions"}],"predecessor-version":[{"id":59,"href":"https:\/\/komornikkonskie.pl\/index.php?rest_route=\/wp\/v2\/pages\/36\/revisions\/59"}],"wp:attachment":[{"href":"https:\/\/komornikkonskie.pl\/index.php?rest_route=%2Fwp%2Fv2%2Fmedia&parent=36"}],"curies":[{"name":"wp","href":"https:\/\/api.w.org\/{rel}","templated":true}]}}