{"id":32,"date":"2024-09-15T17:42:53","date_gmt":"2024-09-15T15:42:53","guid":{"rendered":"http:\/\/komornikkonskie.pl\/?page_id=32"},"modified":"2025-01-17T14:47:24","modified_gmt":"2025-01-17T13:47:24","slug":"informacje","status":"publish","type":"page","link":"https:\/\/komornikkonskie.pl\/?page_id=32","title":{"rendered":"Informacje"},"content":{"rendered":"\n<p>Komornik dzia\u0142a na obszarze swojego rewiru, kt\u00f3ry obejmuje w\u0142a\u015bciwo\u015b\u0107 S\u0105du Rejonowego w Ko\u0144skich tj. gmin\u0119: Ko\u0144skie, St\u0105pork\u00f3w, Gowarcz\u00f3w, Radoszyce, Fa\u0142k\u00f3w, Smyk\u00f3w, Ruda Maleniecka, Mni\u00f3w.<\/p>\n\n\n\n<p>Komornik w 2025 roku mo\u017ce zgodnie z art. 10 \u00a71 ustawy z dnia 22 marca 2018 roku (Dz.U. z 2018r. poz.771) o komornikach s\u0105dowych przyjmowa\u0107 sprawy z wyboru wierzyciela na obszarze w\u0142a\u015bciwo\u015bci S\u0105du Apelacyjnego w Krakowie.<\/p>\n","protected":false},"excerpt":{"rendered":"<p>Komornik dzia\u0142a na obszarze swojego rewiru, kt\u00f3ry obejmuje w\u0142a\u015bciwo\u015b\u0107 S\u0105du Rejonowego w Ko\u0144skich tj. gmin\u0119: Ko\u0144skie, St\u0105pork\u00f3w, Gowarcz\u00f3w, Radoszyce, Fa\u0142k\u00f3w, Smyk\u00f3w, Ruda Maleniecka, Mni\u00f3w. Komornik w 2025 roku mo\u017ce zgodnie z art. 10 \u00a71 ustawy z dnia 22 marca 2018 roku (Dz.U. z 2018r. poz.771) o komornikach s\u0105dowych przyjmowa\u0107 sprawy z wyboru wierzyciela na obszarze [&hellip;]<\/p>\n","protected":false},"author":1,"featured_media":0,"parent":0,"menu_order":0,"comment_status":"closed","ping_status":"closed","template":"","meta":{"footnotes":""},"class_list":["post-32","page","type-page","status-publish","hentry"],"_links":{"self":[{"href":"https:\/\/komornikkonskie.pl\/index.php?rest_route=\/wp\/v2\/pages\/32","targetHints":{"allow":["GET"]}}],"collection":[{"href":"https:\/\/komornikkonskie.pl\/index.php?rest_route=\/wp\/v2\/pages"}],"about":[{"href":"https:\/\/komornikkonskie.pl\/index.php?rest_route=\/wp\/v2\/types\/page"}],"author":[{"embeddable":true,"href":"https:\/\/komornikkonskie.pl\/index.php?rest_route=\/wp\/v2\/users\/1"}],"replies":[{"embeddable":true,"href":"https:\/\/komornikkonskie.pl\/index.php?rest_route=%2Fwp%2Fv2%2Fcomments&post=32"}],"version-history":[{"count":3,"href":"https:\/\/komornikkonskie.pl\/index.php?rest_route=\/wp\/v2\/pages\/32\/revisions"}],"predecessor-version":[{"id":64,"href":"https:\/\/komornikkonskie.pl\/index.php?rest_route=\/wp\/v2\/pages\/32\/revisions\/64"}],"wp:attachment":[{"href":"https:\/\/komornikkonskie.pl\/index.php?rest_route=%2Fwp%2Fv2%2Fmedia&parent=32"}],"curies":[{"name":"wp","href":"https:\/\/api.w.org\/{rel}","templated":true}]}}